{"id":3404,"date":"2023-06-17T00:33:28","date_gmt":"2023-06-17T00:33:28","guid":{"rendered":"https:\/\/stargoyacht.com\/a-propos-de-nous\/"},"modified":"2023-08-07T17:46:14","modified_gmt":"2023-08-07T17:46:14","slug":"a-propos-de-nous","status":"publish","type":"page","link":"https:\/\/stargoyacht.com\/fr\/a-propos-de-nous\/","title":{"rendered":"\u00c0 propos de nous"},"content":{"rendered":"\t\t<div data-elementor-type=\"wp-page\" data-elementor-id=\"3404\" class=\"elementor elementor-3404 elementor-152\" data-elementor-post-type=\"page\">\n\t\t\t\t\t\t<section class=\"elementor-section elementor-top-section elementor-element elementor-element-19b3a5d5 elementor-section-content-middle elementor-section-boxed elementor-section-height-default elementor-section-height-default\" data-id=\"19b3a5d5\" data-element_type=\"section\" data-e-type=\"section\" data-settings=\"{&quot;background_background&quot;:&quot;classic&quot;}\">\n\t\t\t\t\t\t\t<div class=\"elementor-background-overlay\"><\/div>\n\t\t\t\t\t\t\t<div class=\"elementor-container elementor-column-gap-default\">\n\t\t\t\t\t<div class=\"elementor-column elementor-col-50 elementor-top-column elementor-element elementor-element-33e39c7d\" data-id=\"33e39c7d\" data-element_type=\"column\" data-e-type=\"column\">\n\t\t\t<div class=\"elementor-widget-wrap elementor-element-populated\">\n\t\t\t\t\t\t<div class=\"elementor-element elementor-element-689617 elementor-widget elementor-widget-heading\" data-id=\"689617\" data-element_type=\"widget\" data-e-type=\"widget\" data-widget_type=\"heading.default\">\n\t\t\t\t<div class=\"elementor-widget-container\">\n\t\t\t\t\t<h2 class=\"elementor-heading-title elementor-size-default\">\u00c0 propos de<\/h2>\t\t\t\t<\/div>\n\t\t\t\t<\/div>\n\t\t\t\t<div class=\"elementor-element elementor-element-1a1f3a3e elementor-align-start elementor-icon-list--layout-inline elementor-mobile-align-start elementor-list-item-link-full_width elementor-widget elementor-widget-icon-list\" data-id=\"1a1f3a3e\" data-element_type=\"widget\" data-e-type=\"widget\" data-widget_type=\"icon-list.default\">\n\t\t\t\t<div class=\"elementor-widget-container\">\n\t\t\t\t\t\t\t<ul class=\"elementor-icon-list-items elementor-inline-items\">\n\t\t\t\t\t\t\t<li class=\"elementor-icon-list-item elementor-inline-item\">\n\t\t\t\t\t\t\t\t\t\t<span class=\"elementor-icon-list-text\">Page d'accueil<\/span>\n\t\t\t\t\t\t\t\t\t<\/li>\n\t\t\t\t\t\t\t\t<li class=\"elementor-icon-list-item elementor-inline-item\">\n\t\t\t\t\t\t\t\t\t\t\t<span class=\"elementor-icon-list-icon\">\n\t\t\t\t\t\t\t<i aria-hidden=\"true\" class=\"fas fa-chevron-right\"><\/i>\t\t\t\t\t\t<\/span>\n\t\t\t\t\t\t\t\t\t\t<span class=\"elementor-icon-list-text\">\u00c0 propos de<\/span>\n\t\t\t\t\t\t\t\t\t<\/li>\n\t\t\t\t\t\t<\/ul>\n\t\t\t\t\t\t<\/div>\n\t\t\t\t<\/div>\n\t\t\t\t\t<\/div>\n\t\t<\/div>\n\t\t\t\t<div class=\"elementor-column elementor-col-50 elementor-top-column elementor-element elementor-element-832406b\" data-id=\"832406b\" data-element_type=\"column\" data-e-type=\"column\">\n\t\t\t<div class=\"elementor-widget-wrap\">\n\t\t\t\t\t\t\t<\/div>\n\t\t<\/div>\n\t\t\t\t\t<\/div>\n\t\t<\/section>\n\t\t\t\t<section class=\"elementor-section elementor-top-section elementor-element elementor-element-223f3888 elementor-reverse-tablet elementor-reverse-mobile elementor-section-boxed elementor-section-height-default elementor-section-height-default\" data-id=\"223f3888\" data-element_type=\"section\" data-e-type=\"section\">\n\t\t\t\t\t\t<div class=\"elementor-container elementor-column-gap-default\">\n\t\t\t\t\t<div class=\"elementor-column elementor-col-50 elementor-top-column elementor-element elementor-element-ead6720\" data-id=\"ead6720\" data-element_type=\"column\" data-e-type=\"column\">\n\t\t\t<div class=\"elementor-widget-wrap elementor-element-populated\">\n\t\t\t\t\t\t<section class=\"elementor-section elementor-inner-section elementor-element elementor-element-2ec97de2 elementor-section-boxed elementor-section-height-default elementor-section-height-default\" data-id=\"2ec97de2\" data-element_type=\"section\" data-e-type=\"section\">\n\t\t\t\t\t\t<div class=\"elementor-container elementor-column-gap-no\">\n\t\t\t\t\t<div class=\"elementor-column elementor-col-50 elementor-inner-column elementor-element elementor-element-1cf8f79e\" data-id=\"1cf8f79e\" data-element_type=\"column\" data-e-type=\"column\" data-settings=\"{&quot;background_background&quot;:&quot;classic&quot;}\">\n\t\t\t<div class=\"elementor-widget-wrap elementor-element-populated\">\n\t\t\t\t\t\t<div class=\"elementor-element elementor-element-1cc02b0 elementor-widget__width-initial elementor-widget elementor-widget-image\" data-id=\"1cc02b0\" data-element_type=\"widget\" data-e-type=\"widget\" data-widget_type=\"image.default\">\n\t\t\t\t<div class=\"elementor-widget-container\">\n\t\t\t\t\t\t\t\t\t\t\t\t\t\t\t<img decoding=\"async\" src=\"https:\/\/turkeyachts.com\/project\/wp-content\/uploads\/2023\/06\/asset2-HCHD8CS.png\" title=\"\" alt=\"\" loading=\"lazy\" \/>\t\t\t\t\t\t\t\t\t\t\t\t\t\t\t<\/div>\n\t\t\t\t<\/div>\n\t\t\t\t<div class=\"elementor-element elementor-element-823206d elementor-widget elementor-widget-heading\" data-id=\"823206d\" data-element_type=\"widget\" data-e-type=\"widget\" data-widget_type=\"heading.default\">\n\t\t\t\t<div class=\"elementor-widget-container\">\n\t\t\t\t\t<h2 class=\"elementor-heading-title elementor-size-default\">7<\/h2>\t\t\t\t<\/div>\n\t\t\t\t<\/div>\n\t\t\t\t\t<\/div>\n\t\t<\/div>\n\t\t\t\t<div class=\"elementor-column elementor-col-50 elementor-inner-column elementor-element elementor-element-1cea0a35 elementor-hidden-phone\" data-id=\"1cea0a35\" data-element_type=\"column\" data-e-type=\"column\">\n\t\t\t<div class=\"elementor-widget-wrap\">\n\t\t\t\t\t\t\t<\/div>\n\t\t<\/div>\n\t\t\t\t\t<\/div>\n\t\t<\/section>\n\t\t\t\t<div class=\"elementor-element elementor-element-7826e46b elementor-widget elementor-widget-image\" data-id=\"7826e46b\" data-element_type=\"widget\" data-e-type=\"widget\" data-widget_type=\"image.default\">\n\t\t\t\t<div class=\"elementor-widget-container\">\n\t\t\t\t\t\t\t\t\t\t\t\t\t\t\t<img fetchpriority=\"high\" decoding=\"async\" width=\"1100\" height=\"1401\" src=\"https:\/\/stargoyacht.com\/wp-content\/uploads\/2023\/06\/the-view-from-the-air-on-boats-near-the-shore-bali-island-indonesia-e1629446906596.jpg\" class=\"attachment-full size-full wp-image-29\" alt=\"\" srcset=\"https:\/\/stargoyacht.com\/wp-content\/uploads\/2023\/06\/the-view-from-the-air-on-boats-near-the-shore-bali-island-indonesia-e1629446906596.jpg 1100w, https:\/\/stargoyacht.com\/wp-content\/uploads\/2023\/06\/the-view-from-the-air-on-boats-near-the-shore-bali-island-indonesia-e1629446906596-236x300.jpg 236w, https:\/\/stargoyacht.com\/wp-content\/uploads\/2023\/06\/the-view-from-the-air-on-boats-near-the-shore-bali-island-indonesia-e1629446906596-804x1024.jpg 804w, https:\/\/stargoyacht.com\/wp-content\/uploads\/2023\/06\/the-view-from-the-air-on-boats-near-the-shore-bali-island-indonesia-e1629446906596-768x978.jpg 768w\" sizes=\"(max-width: 1100px) 100vw, 1100px\" \/>\t\t\t\t\t\t\t\t\t\t\t\t\t\t\t<\/div>\n\t\t\t\t<\/div>\n\t\t\t\t\t<\/div>\n\t\t<\/div>\n\t\t\t\t<div class=\"elementor-column elementor-col-50 elementor-top-column elementor-element elementor-element-82ef593\" data-id=\"82ef593\" data-element_type=\"column\" data-e-type=\"column\">\n\t\t\t<div class=\"elementor-widget-wrap elementor-element-populated\">\n\t\t\t\t\t\t<div class=\"elementor-element elementor-element-416dee43 elementor-widget elementor-widget-text-editor\" data-id=\"416dee43\" data-element_type=\"widget\" data-e-type=\"widget\" data-widget_type=\"text-editor.default\">\n\t\t\t\t<div class=\"elementor-widget-container\">\n\t\t\t\t\t\t\t\t\t<p>Une entreprise de Stargoyacht avec plus de 7 ans d&rsquo;exp\u00e9rience dans le domaine de la location et de l&rsquo;organisation d&rsquo;\u00e9v\u00e9nements sur des yachts priv\u00e9s \u00e0 Istanbul et Bodrum, On peut organiser pour vous, le meilleur yacht gr\u00e2ce a notre \u00e9quipe hautement exp\u00e9riment\u00e9, et gr\u00e2ce \u00e0 notre partenariat avec des centaines de yachts en Turquie. Nous pouvons \u00e9galement pr\u00e9parer diff\u00e9rents \u00e9v\u00e9nements tels que : anniversaires, anniversaires de mariage, c\u00e9r\u00e9monies de remise de dipl\u00f4mes, soir\u00e9es romantiques, mariages<\/p>\t\t\t\t\t\t\t\t<\/div>\n\t\t\t\t<\/div>\n\t\t\t\t\t<\/div>\n\t\t<\/div>\n\t\t\t\t\t<\/div>\n\t\t<\/section>\n\t\t\t\t<\/div>\n\t\t","protected":false},"excerpt":{"rendered":"<p>\u00c0 propos de Page d&rsquo;accueil \u00c0 propos de 7 Une entreprise de Stargoyacht avec plus de 7 ans d&rsquo;exp\u00e9rience dans le domaine de la location et de l&rsquo;organisation d&rsquo;\u00e9v\u00e9nements sur des yachts priv\u00e9s \u00e0 Istanbul et Bodrum, On peut organiser pour vous, le meilleur yacht gr\u00e2ce a notre \u00e9quipe hautement exp\u00e9riment\u00e9, et gr\u00e2ce \u00e0 notre [&hellip;]<\/p>\n","protected":false},"author":1,"featured_media":0,"parent":0,"menu_order":0,"comment_status":"closed","ping_status":"closed","template":"","meta":{"_glsr_average":0,"_glsr_ranking":0,"_glsr_reviews":0,"footnotes":""},"class_list":["post-3404","page","type-page","status-publish","hentry"],"acf":[],"yoast_head":"<!-- This site is optimized with the Yoast SEO plugin v27.2 - https:\/\/yoast.com\/product\/yoast-seo-wordpress\/ -->\n<title>\u00c0 propos de nous - Stargoyacht<\/title>\n<meta name=\"robots\" content=\"index, follow, max-snippet:-1, max-image-preview:large, max-video-preview:-1\" \/>\n<link rel=\"canonical\" href=\"https:\/\/stargoyacht.com\/about-us\/\" \/>\n<meta property=\"og:locale\" content=\"fr_FR\" \/>\n<meta property=\"og:type\" content=\"article\" \/>\n<meta property=\"og:title\" content=\"\u00c0 propos de nous - Stargoyacht\" \/>\n<meta property=\"og:description\" content=\"\u00c0 propos de Page d&rsquo;accueil \u00c0 propos de 7 Une entreprise de Stargoyacht avec plus de 7 ans d&rsquo;exp\u00e9rience dans le domaine de la location et de l&rsquo;organisation d&rsquo;\u00e9v\u00e9nements sur des yachts priv\u00e9s \u00e0 Istanbul et Bodrum, On peut organiser pour vous, le meilleur yacht gr\u00e2ce a notre \u00e9quipe hautement exp\u00e9riment\u00e9, et gr\u00e2ce \u00e0 notre [&hellip;]\" \/>\n<meta property=\"og:url\" content=\"https:\/\/stargoyacht.com\/about-us\/\" \/>\n<meta property=\"og:site_name\" content=\"Stargoyacht\" \/>\n<meta property=\"article:modified_time\" content=\"2023-08-07T17:46:14+00:00\" \/>\n<meta property=\"og:image\" content=\"https:\/\/turkeyachts.com\/project\/wp-content\/uploads\/2023\/06\/asset2-HCHD8CS.png\" \/>\n<meta name=\"twitter:card\" content=\"summary_large_image\" \/>\n<script type=\"application\/ld+json\" class=\"yoast-schema-graph\">{\"@context\":\"https:\/\/schema.org\",\"@graph\":[{\"@type\":\"WebPage\",\"@id\":\"https:\/\/stargoyacht.com\/about-us\/\",\"url\":\"https:\/\/stargoyacht.com\/about-us\/\",\"name\":\"\u00c0 propos de nous - Stargoyacht\",\"isPartOf\":{\"@id\":\"https:\/\/stargoyacht.com\/ru\/#website\"},\"primaryImageOfPage\":{\"@id\":\"https:\/\/stargoyacht.com\/about-us\/#primaryimage\"},\"image\":{\"@id\":\"https:\/\/stargoyacht.com\/about-us\/#primaryimage\"},\"thumbnailUrl\":\"https:\/\/turkeyachts.com\/project\/wp-content\/uploads\/2023\/06\/asset2-HCHD8CS.png\",\"datePublished\":\"2023-06-17T00:33:28+00:00\",\"dateModified\":\"2023-08-07T17:46:14+00:00\",\"breadcrumb\":{\"@id\":\"https:\/\/stargoyacht.com\/about-us\/#breadcrumb\"},\"inLanguage\":\"fr-FR\",\"potentialAction\":[{\"@type\":\"ReadAction\",\"target\":[\"https:\/\/stargoyacht.com\/about-us\/\"]}]},{\"@type\":\"ImageObject\",\"inLanguage\":\"fr-FR\",\"@id\":\"https:\/\/stargoyacht.com\/about-us\/#primaryimage\",\"url\":\"https:\/\/turkeyachts.com\/project\/wp-content\/uploads\/2023\/06\/asset2-HCHD8CS.png\",\"contentUrl\":\"https:\/\/turkeyachts.com\/project\/wp-content\/uploads\/2023\/06\/asset2-HCHD8CS.png\"},{\"@type\":\"BreadcrumbList\",\"@id\":\"https:\/\/stargoyacht.com\/about-us\/#breadcrumb\",\"itemListElement\":[{\"@type\":\"ListItem\",\"position\":1,\"name\":\"Home\",\"item\":\"https:\/\/stargoyacht.com\/\"},{\"@type\":\"ListItem\",\"position\":2,\"name\":\"\u00c0 propos de nous\"}]},{\"@type\":\"WebSite\",\"@id\":\"https:\/\/stargoyacht.com\/ru\/#website\",\"url\":\"https:\/\/stargoyacht.com\/ru\/\",\"name\":\"Stargoyacht\",\"description\":\"\",\"potentialAction\":[{\"@type\":\"SearchAction\",\"target\":{\"@type\":\"EntryPoint\",\"urlTemplate\":\"https:\/\/stargoyacht.com\/ru\/?s={search_term_string}\"},\"query-input\":{\"@type\":\"PropertyValueSpecification\",\"valueRequired\":true,\"valueName\":\"search_term_string\"}}],\"inLanguage\":\"fr-FR\"}]}<\/script>\n<!-- \/ Yoast SEO plugin. -->","yoast_head_json":{"title":"\u00c0 propos de nous - Stargoyacht","robots":{"index":"index","follow":"follow","max-snippet":"max-snippet:-1","max-image-preview":"max-image-preview:large","max-video-preview":"max-video-preview:-1"},"canonical":"https:\/\/stargoyacht.com\/about-us\/","og_locale":"fr_FR","og_type":"article","og_title":"\u00c0 propos de nous - Stargoyacht","og_description":"\u00c0 propos de Page d&rsquo;accueil \u00c0 propos de 7 Une entreprise de Stargoyacht avec plus de 7 ans d&rsquo;exp\u00e9rience dans le domaine de la location et de l&rsquo;organisation d&rsquo;\u00e9v\u00e9nements sur des yachts priv\u00e9s \u00e0 Istanbul et Bodrum, On peut organiser pour vous, le meilleur yacht gr\u00e2ce a notre \u00e9quipe hautement exp\u00e9riment\u00e9, et gr\u00e2ce \u00e0 notre [&hellip;]","og_url":"https:\/\/stargoyacht.com\/about-us\/","og_site_name":"Stargoyacht","article_modified_time":"2023-08-07T17:46:14+00:00","og_image":[{"url":"https:\/\/turkeyachts.com\/project\/wp-content\/uploads\/2023\/06\/asset2-HCHD8CS.png","type":"","width":"","height":""}],"twitter_card":"summary_large_image","schema":{"@context":"https:\/\/schema.org","@graph":[{"@type":"WebPage","@id":"https:\/\/stargoyacht.com\/about-us\/","url":"https:\/\/stargoyacht.com\/about-us\/","name":"\u00c0 propos de nous - Stargoyacht","isPartOf":{"@id":"https:\/\/stargoyacht.com\/ru\/#website"},"primaryImageOfPage":{"@id":"https:\/\/stargoyacht.com\/about-us\/#primaryimage"},"image":{"@id":"https:\/\/stargoyacht.com\/about-us\/#primaryimage"},"thumbnailUrl":"https:\/\/turkeyachts.com\/project\/wp-content\/uploads\/2023\/06\/asset2-HCHD8CS.png","datePublished":"2023-06-17T00:33:28+00:00","dateModified":"2023-08-07T17:46:14+00:00","breadcrumb":{"@id":"https:\/\/stargoyacht.com\/about-us\/#breadcrumb"},"inLanguage":"fr-FR","potentialAction":[{"@type":"ReadAction","target":["https:\/\/stargoyacht.com\/about-us\/"]}]},{"@type":"ImageObject","inLanguage":"fr-FR","@id":"https:\/\/stargoyacht.com\/about-us\/#primaryimage","url":"https:\/\/turkeyachts.com\/project\/wp-content\/uploads\/2023\/06\/asset2-HCHD8CS.png","contentUrl":"https:\/\/turkeyachts.com\/project\/wp-content\/uploads\/2023\/06\/asset2-HCHD8CS.png"},{"@type":"BreadcrumbList","@id":"https:\/\/stargoyacht.com\/about-us\/#breadcrumb","itemListElement":[{"@type":"ListItem","position":1,"name":"Home","item":"https:\/\/stargoyacht.com\/"},{"@type":"ListItem","position":2,"name":"\u00c0 propos de nous"}]},{"@type":"WebSite","@id":"https:\/\/stargoyacht.com\/ru\/#website","url":"https:\/\/stargoyacht.com\/ru\/","name":"Stargoyacht","description":"","potentialAction":[{"@type":"SearchAction","target":{"@type":"EntryPoint","urlTemplate":"https:\/\/stargoyacht.com\/ru\/?s={search_term_string}"},"query-input":{"@type":"PropertyValueSpecification","valueRequired":true,"valueName":"search_term_string"}}],"inLanguage":"fr-FR"}]}},"_links":{"self":[{"href":"https:\/\/stargoyacht.com\/fr\/wp-json\/wp\/v2\/pages\/3404","targetHints":{"allow":["GET"]}}],"collection":[{"href":"https:\/\/stargoyacht.com\/fr\/wp-json\/wp\/v2\/pages"}],"about":[{"href":"https:\/\/stargoyacht.com\/fr\/wp-json\/wp\/v2\/types\/page"}],"author":[{"embeddable":true,"href":"https:\/\/stargoyacht.com\/fr\/wp-json\/wp\/v2\/users\/1"}],"replies":[{"embeddable":true,"href":"https:\/\/stargoyacht.com\/fr\/wp-json\/wp\/v2\/comments?post=3404"}],"version-history":[{"count":3,"href":"https:\/\/stargoyacht.com\/fr\/wp-json\/wp\/v2\/pages\/3404\/revisions"}],"predecessor-version":[{"id":3859,"href":"https:\/\/stargoyacht.com\/fr\/wp-json\/wp\/v2\/pages\/3404\/revisions\/3859"}],"wp:attachment":[{"href":"https:\/\/stargoyacht.com\/fr\/wp-json\/wp\/v2\/media?parent=3404"}],"curies":[{"name":"wp","href":"https:\/\/api.w.org\/{rel}","templated":true}]}}