{"id":3412,"date":"2023-06-17T16:39:52","date_gmt":"2023-06-17T16:39:52","guid":{"rendered":"https:\/\/stargoyacht.com\/contactez-nous\/"},"modified":"2023-08-05T11:23:59","modified_gmt":"2023-08-05T11:23:59","slug":"contactez-nous","status":"publish","type":"page","link":"https:\/\/stargoyacht.com\/fr\/contactez-nous\/","title":{"rendered":"Contactez-nous"},"content":{"rendered":"\t\t<div data-elementor-type=\"wp-page\" data-elementor-id=\"3412\" class=\"elementor elementor-3412 elementor-169\" data-elementor-post-type=\"page\">\n\t\t\t\t\t\t<section class=\"elementor-section elementor-top-section elementor-element elementor-element-50181ac8 elementor-section-content-middle elementor-section-boxed elementor-section-height-default elementor-section-height-default\" data-id=\"50181ac8\" data-element_type=\"section\" data-e-type=\"section\" data-settings=\"{&quot;background_background&quot;:&quot;classic&quot;}\">\n\t\t\t\t\t\t\t<div class=\"elementor-background-overlay\"><\/div>\n\t\t\t\t\t\t\t<div class=\"elementor-container elementor-column-gap-default\">\n\t\t\t\t\t<div class=\"elementor-column elementor-col-50 elementor-top-column elementor-element elementor-element-76aa1d24\" data-id=\"76aa1d24\" data-element_type=\"column\" data-e-type=\"column\">\n\t\t\t<div class=\"elementor-widget-wrap elementor-element-populated\">\n\t\t\t\t\t\t<div class=\"elementor-element elementor-element-1938a345 elementor-widget elementor-widget-heading\" data-id=\"1938a345\" data-element_type=\"widget\" data-e-type=\"widget\" data-widget_type=\"heading.default\">\n\t\t\t\t<div class=\"elementor-widget-container\">\n\t\t\t\t\t<h2 class=\"elementor-heading-title elementor-size-default\">Contact<\/h2>\t\t\t\t<\/div>\n\t\t\t\t<\/div>\n\t\t\t\t<div class=\"elementor-element elementor-element-7a6da3c5 elementor-align-start elementor-icon-list--layout-inline elementor-mobile-align-start elementor-list-item-link-full_width elementor-widget elementor-widget-icon-list\" data-id=\"7a6da3c5\" data-element_type=\"widget\" data-e-type=\"widget\" data-widget_type=\"icon-list.default\">\n\t\t\t\t<div class=\"elementor-widget-container\">\n\t\t\t\t\t\t\t<ul class=\"elementor-icon-list-items elementor-inline-items\">\n\t\t\t\t\t\t\t<li class=\"elementor-icon-list-item elementor-inline-item\">\n\t\t\t\t\t\t\t\t\t\t<span class=\"elementor-icon-list-text\">Page d'accueil<\/span>\n\t\t\t\t\t\t\t\t\t<\/li>\n\t\t\t\t\t\t\t\t<li class=\"elementor-icon-list-item elementor-inline-item\">\n\t\t\t\t\t\t\t\t\t\t\t<span class=\"elementor-icon-list-icon\">\n\t\t\t\t\t\t\t<i aria-hidden=\"true\" class=\"fas fa-chevron-right\"><\/i>\t\t\t\t\t\t<\/span>\n\t\t\t\t\t\t\t\t\t\t<span class=\"elementor-icon-list-text\">Contact<\/span>\n\t\t\t\t\t\t\t\t\t<\/li>\n\t\t\t\t\t\t<\/ul>\n\t\t\t\t\t\t<\/div>\n\t\t\t\t<\/div>\n\t\t\t\t\t<\/div>\n\t\t<\/div>\n\t\t\t\t<div class=\"elementor-column elementor-col-50 elementor-top-column elementor-element elementor-element-2beceaed\" data-id=\"2beceaed\" data-element_type=\"column\" data-e-type=\"column\">\n\t\t\t<div class=\"elementor-widget-wrap\">\n\t\t\t\t\t\t\t<\/div>\n\t\t<\/div>\n\t\t\t\t\t<\/div>\n\t\t<\/section>\n\t\t\t\t<section class=\"elementor-section elementor-top-section elementor-element elementor-element-39f49fe1 elementor-section-content-middle elementor-reverse-tablet elementor-reverse-mobile elementor-section-boxed elementor-section-height-default elementor-section-height-default\" data-id=\"39f49fe1\" data-element_type=\"section\" data-e-type=\"section\" data-settings=\"{&quot;background_background&quot;:&quot;classic&quot;}\">\n\t\t\t\t\t\t<div class=\"elementor-container elementor-column-gap-default\">\n\t\t\t\t\t<div class=\"elementor-column elementor-col-50 elementor-top-column elementor-element elementor-element-3b393150\" data-id=\"3b393150\" data-element_type=\"column\" data-e-type=\"column\">\n\t\t\t<div class=\"elementor-widget-wrap elementor-element-populated\">\n\t\t\t\t\t\t<div class=\"elementor-element elementor-element-a1a0c9a elementor-widget elementor-widget-image\" data-id=\"a1a0c9a\" data-element_type=\"widget\" data-e-type=\"widget\" data-widget_type=\"image.default\">\n\t\t\t\t<div class=\"elementor-widget-container\">\n\t\t\t\t\t\t\t\t\t\t\t\t\t\t\t<img fetchpriority=\"high\" decoding=\"async\" width=\"800\" height=\"534\" src=\"https:\/\/stargoyacht.com\/wp-content\/uploads\/2023\/06\/anchored-big-yachts-and-sailboats-on-a-turquoise-water-e1629439897591.jpg-1024x683.webp\" class=\"attachment-large size-large wp-image-175\" alt=\"\" srcset=\"https:\/\/stargoyacht.com\/wp-content\/uploads\/2023\/06\/anchored-big-yachts-and-sailboats-on-a-turquoise-water-e1629439897591.jpg-1024x683.webp 1024w, https:\/\/stargoyacht.com\/wp-content\/uploads\/2023\/06\/anchored-big-yachts-and-sailboats-on-a-turquoise-water-e1629439897591.jpg-300x200.webp 300w, https:\/\/stargoyacht.com\/wp-content\/uploads\/2023\/06\/anchored-big-yachts-and-sailboats-on-a-turquoise-water-e1629439897591.jpg-768x513.webp 768w, https:\/\/stargoyacht.com\/wp-content\/uploads\/2023\/06\/anchored-big-yachts-and-sailboats-on-a-turquoise-water-e1629439897591.jpg.webp 1440w\" sizes=\"(max-width: 800px) 100vw, 800px\" \/>\t\t\t\t\t\t\t\t\t\t\t\t\t\t\t<\/div>\n\t\t\t\t<\/div>\n\t\t\t\t\t<\/div>\n\t\t<\/div>\n\t\t\t\t<div class=\"elementor-column elementor-col-50 elementor-top-column elementor-element elementor-element-50e28d72\" data-id=\"50e28d72\" data-element_type=\"column\" data-e-type=\"column\">\n\t\t\t<div class=\"elementor-widget-wrap elementor-element-populated\">\n\t\t\t\t\t\t<div class=\"elementor-element elementor-element-6c502d61 elementor-widget elementor-widget-heading\" data-id=\"6c502d61\" data-element_type=\"widget\" data-e-type=\"widget\" data-widget_type=\"heading.default\">\n\t\t\t\t<div class=\"elementor-widget-container\">\n\t\t\t\t\t<h2 class=\"elementor-heading-title elementor-size-default\">Prenez contact<\/h2>\t\t\t\t<\/div>\n\t\t\t\t<\/div>\n\t\t\t\t<div class=\"elementor-element elementor-element-35eaa96e jkit-equal-height-disable elementor-widget elementor-widget-jkit_icon_box\" data-id=\"35eaa96e\" data-element_type=\"widget\" data-e-type=\"widget\" data-widget_type=\"jkit_icon_box.default\">\n\t\t\t\t<div class=\"elementor-widget-container\">\n\t\t\t\t\t<div  class=\"jeg-elementor-kit jkit-icon-box icon-position-left elementor-animation- jeg_module___6a04be381b949\" ><div class=\"jkit-icon-box-wrapper hover-from-left\"><div class=\"icon-box icon-box-header elementor-animation-\"><div class=\"icon style-color\"><i aria-hidden=\"true\" class=\"jki jki-placeholder-light\"><\/i><\/div><\/div><div class=\"icon-box icon-box-body\">\n                <h4 class=\"title\">Adresse<\/h4><p class=\"icon-box-description\">\u015ei\u015fli, \u0130stanbul, Turkey<\/p>\n            <\/div>\n            \n            <\/div><\/div>\t\t\t\t<\/div>\n\t\t\t\t<\/div>\n\t\t\t\t<div class=\"elementor-element elementor-element-2b94873d jkit-equal-height-disable elementor-widget elementor-widget-jkit_icon_box\" data-id=\"2b94873d\" data-element_type=\"widget\" data-e-type=\"widget\" data-widget_type=\"jkit_icon_box.default\">\n\t\t\t\t<div class=\"elementor-widget-container\">\n\t\t\t\t\t<div  class=\"jeg-elementor-kit jkit-icon-box icon-position-left elementor-animation- jeg_module__1_6a04be381c036\" ><div class=\"jkit-icon-box-wrapper hover-from-left\"><div class=\"icon-box icon-box-header elementor-animation-\"><div class=\"icon style-color\"><i aria-hidden=\"true\" class=\"jki jki-email-light\"><\/i><\/div><\/div><div class=\"icon-box icon-box-body\">\n                <h4 class=\"title\">Contactez-nous par email<\/h4><p class=\"icon-box-description\"> info@Stargoyacht.com\n<\/p>\n            <\/div>\n            \n            <\/div><\/div>\t\t\t\t<\/div>\n\t\t\t\t<\/div>\n\t\t\t\t<section class=\"elementor-section elementor-inner-section elementor-element elementor-element-3949a3ad elementor-section-boxed elementor-section-height-default elementor-section-height-default\" data-id=\"3949a3ad\" data-element_type=\"section\" data-e-type=\"section\">\n\t\t\t\t\t\t<div class=\"elementor-container elementor-column-gap-no\">\n\t\t\t\t\t<div class=\"elementor-column elementor-col-100 elementor-inner-column elementor-element elementor-element-2269b976\" data-id=\"2269b976\" data-element_type=\"column\" data-e-type=\"column\">\n\t\t\t<div class=\"elementor-widget-wrap elementor-element-populated\">\n\t\t\t\t\t\t<div class=\"elementor-element elementor-element-3a726141 jkit-equal-height-disable elementor-widget elementor-widget-jkit_icon_box\" data-id=\"3a726141\" data-element_type=\"widget\" data-e-type=\"widget\" data-widget_type=\"jkit_icon_box.default\">\n\t\t\t\t<div class=\"elementor-widget-container\">\n\t\t\t\t\t<div  class=\"jeg-elementor-kit jkit-icon-box icon-position-left elementor-animation- jeg_module__2_6a04be381c751\" ><div class=\"jkit-icon-box-wrapper hover-from-left\"><div class=\"icon-box icon-box-header elementor-animation-\"><div class=\"icon style-color\"><i aria-hidden=\"true\" class=\"jki jki-phone-call-light\"><\/i><\/div><\/div><div class=\"icon-box icon-box-body\">\n                <h4 class=\"title\">Appelez-nous<\/h4><p class=\"icon-box-description\">00905431668788\ud83c\uddf8\ud83c\udde6 AR\n00905079960995\ud83c\uddfa\ud83c\uddf8 En\n00905523269123\ud83c\uddf9\ud83c\uddf7 Tr\n00905528487747\ud83c\uddeb\ud83c\uddf7 Fr<\/p>\n            <\/div>\n            \n            <\/div><\/div>\t\t\t\t<\/div>\n\t\t\t\t<\/div>\n\t\t\t\t\t<\/div>\n\t\t<\/div>\n\t\t\t\t\t<\/div>\n\t\t<\/section>\n\t\t\t\t\t<\/div>\n\t\t<\/div>\n\t\t\t\t\t<\/div>\n\t\t<\/section>\n\t\t\t\t<section class=\"elementor-section elementor-top-section elementor-element elementor-element-d7dbedf elementor-section-boxed elementor-section-height-default elementor-section-height-default\" data-id=\"d7dbedf\" data-element_type=\"section\" data-e-type=\"section\">\n\t\t\t\t\t\t<div class=\"elementor-container elementor-column-gap-default\">\n\t\t\t\t\t<div class=\"elementor-column elementor-col-100 elementor-top-column elementor-element elementor-element-cc83086\" data-id=\"cc83086\" data-element_type=\"column\" data-e-type=\"column\">\n\t\t\t<div class=\"elementor-widget-wrap elementor-element-populated\">\n\t\t\t\t\t\t<div class=\"elementor-element elementor-element-ca7cf1e elementor-widget elementor-widget-spacer\" data-id=\"ca7cf1e\" data-element_type=\"widget\" data-e-type=\"widget\" data-widget_type=\"spacer.default\">\n\t\t\t\t<div class=\"elementor-widget-container\">\n\t\t\t\t\t\t\t<div class=\"elementor-spacer\">\n\t\t\t<div class=\"elementor-spacer-inner\"><\/div>\n\t\t<\/div>\n\t\t\t\t\t\t<\/div>\n\t\t\t\t<\/div>\n\t\t\t\t\t<\/div>\n\t\t<\/div>\n\t\t\t\t\t<\/div>\n\t\t<\/section>\n\t\t\t\t<\/div>\n\t\t","protected":false},"excerpt":{"rendered":"<p>Contact Page d&rsquo;accueil Contact Prenez contact Adresse \u015ei\u015fli, \u0130stanbul, Turkey Contactez-nous par email info@Stargoyacht.com Appelez-nous 00905431668788\ud83c\uddf8\ud83c\udde6 AR 00905079960995\ud83c\uddfa\ud83c\uddf8 En 00905523269123\ud83c\uddf9\ud83c\uddf7 Tr 00905528487747\ud83c\uddeb\ud83c\uddf7 Fr<\/p>\n","protected":false},"author":1,"featured_media":0,"parent":0,"menu_order":0,"comment_status":"closed","ping_status":"closed","template":"","meta":{"_glsr_average":0,"_glsr_ranking":0,"_glsr_reviews":0,"footnotes":""},"class_list":["post-3412","page","type-page","status-publish","hentry"],"acf":[],"yoast_head":"<!-- This site is optimized with the Yoast SEO plugin v27.2 - https:\/\/yoast.com\/product\/yoast-seo-wordpress\/ -->\n<title>Contactez-nous - Stargoyacht<\/title>\n<meta name=\"robots\" content=\"index, follow, max-snippet:-1, max-image-preview:large, max-video-preview:-1\" \/>\n<link rel=\"canonical\" href=\"https:\/\/stargoyacht.com\/contact-us\/\" \/>\n<meta property=\"og:locale\" content=\"fr_FR\" \/>\n<meta property=\"og:type\" content=\"article\" \/>\n<meta property=\"og:title\" content=\"Contactez-nous - Stargoyacht\" \/>\n<meta property=\"og:description\" content=\"Contact Page d&rsquo;accueil Contact Prenez contact Adresse \u015ei\u015fli, \u0130stanbul, Turkey Contactez-nous par email info@Stargoyacht.com Appelez-nous 00905431668788\ud83c\uddf8\ud83c\udde6 AR 00905079960995\ud83c\uddfa\ud83c\uddf8 En 00905523269123\ud83c\uddf9\ud83c\uddf7 Tr 00905528487747\ud83c\uddeb\ud83c\uddf7 Fr\" \/>\n<meta property=\"og:url\" content=\"https:\/\/stargoyacht.com\/contact-us\/\" \/>\n<meta property=\"og:site_name\" content=\"Stargoyacht\" \/>\n<meta property=\"article:modified_time\" content=\"2023-08-05T11:23:59+00:00\" \/>\n<meta property=\"og:image\" content=\"https:\/\/stargoyacht.com\/wp-content\/uploads\/2023\/06\/anchored-big-yachts-and-sailboats-on-a-turquoise-water-e1629439897591.jpg-1024x683.webp\" \/>\n<meta name=\"twitter:card\" content=\"summary_large_image\" \/>\n<script type=\"application\/ld+json\" class=\"yoast-schema-graph\">{\"@context\":\"https:\/\/schema.org\",\"@graph\":[{\"@type\":\"WebPage\",\"@id\":\"https:\/\/stargoyacht.com\/contact-us\/\",\"url\":\"https:\/\/stargoyacht.com\/contact-us\/\",\"name\":\"Contactez-nous - Stargoyacht\",\"isPartOf\":{\"@id\":\"https:\/\/stargoyacht.com\/ru\/#website\"},\"primaryImageOfPage\":{\"@id\":\"https:\/\/stargoyacht.com\/contact-us\/#primaryimage\"},\"image\":{\"@id\":\"https:\/\/stargoyacht.com\/contact-us\/#primaryimage\"},\"thumbnailUrl\":\"https:\/\/stargoyacht.com\/wp-content\/uploads\/2023\/06\/anchored-big-yachts-and-sailboats-on-a-turquoise-water-e1629439897591.jpg-1024x683.webp\",\"datePublished\":\"2023-06-17T16:39:52+00:00\",\"dateModified\":\"2023-08-05T11:23:59+00:00\",\"breadcrumb\":{\"@id\":\"https:\/\/stargoyacht.com\/contact-us\/#breadcrumb\"},\"inLanguage\":\"fr-FR\",\"potentialAction\":[{\"@type\":\"ReadAction\",\"target\":[\"https:\/\/stargoyacht.com\/contact-us\/\"]}]},{\"@type\":\"ImageObject\",\"inLanguage\":\"fr-FR\",\"@id\":\"https:\/\/stargoyacht.com\/contact-us\/#primaryimage\",\"url\":\"https:\/\/stargoyacht.com\/wp-content\/uploads\/2023\/06\/anchored-big-yachts-and-sailboats-on-a-turquoise-water-e1629439897591.jpg-1024x683.webp\",\"contentUrl\":\"https:\/\/stargoyacht.com\/wp-content\/uploads\/2023\/06\/anchored-big-yachts-and-sailboats-on-a-turquoise-water-e1629439897591.jpg-1024x683.webp\"},{\"@type\":\"BreadcrumbList\",\"@id\":\"https:\/\/stargoyacht.com\/contact-us\/#breadcrumb\",\"itemListElement\":[{\"@type\":\"ListItem\",\"position\":1,\"name\":\"Home\",\"item\":\"https:\/\/stargoyacht.com\/\"},{\"@type\":\"ListItem\",\"position\":2,\"name\":\"Contactez-nous\"}]},{\"@type\":\"WebSite\",\"@id\":\"https:\/\/stargoyacht.com\/ru\/#website\",\"url\":\"https:\/\/stargoyacht.com\/ru\/\",\"name\":\"Stargoyacht\",\"description\":\"\",\"potentialAction\":[{\"@type\":\"SearchAction\",\"target\":{\"@type\":\"EntryPoint\",\"urlTemplate\":\"https:\/\/stargoyacht.com\/ru\/?s={search_term_string}\"},\"query-input\":{\"@type\":\"PropertyValueSpecification\",\"valueRequired\":true,\"valueName\":\"search_term_string\"}}],\"inLanguage\":\"fr-FR\"}]}<\/script>\n<!-- \/ Yoast SEO plugin. -->","yoast_head_json":{"title":"Contactez-nous - Stargoyacht","robots":{"index":"index","follow":"follow","max-snippet":"max-snippet:-1","max-image-preview":"max-image-preview:large","max-video-preview":"max-video-preview:-1"},"canonical":"https:\/\/stargoyacht.com\/contact-us\/","og_locale":"fr_FR","og_type":"article","og_title":"Contactez-nous - Stargoyacht","og_description":"Contact Page d&rsquo;accueil Contact Prenez contact Adresse \u015ei\u015fli, \u0130stanbul, Turkey Contactez-nous par email info@Stargoyacht.com Appelez-nous 00905431668788\ud83c\uddf8\ud83c\udde6 AR 00905079960995\ud83c\uddfa\ud83c\uddf8 En 00905523269123\ud83c\uddf9\ud83c\uddf7 Tr 00905528487747\ud83c\uddeb\ud83c\uddf7 Fr","og_url":"https:\/\/stargoyacht.com\/contact-us\/","og_site_name":"Stargoyacht","article_modified_time":"2023-08-05T11:23:59+00:00","og_image":[{"url":"https:\/\/stargoyacht.com\/wp-content\/uploads\/2023\/06\/anchored-big-yachts-and-sailboats-on-a-turquoise-water-e1629439897591.jpg-1024x683.webp","type":"","width":"","height":""}],"twitter_card":"summary_large_image","schema":{"@context":"https:\/\/schema.org","@graph":[{"@type":"WebPage","@id":"https:\/\/stargoyacht.com\/contact-us\/","url":"https:\/\/stargoyacht.com\/contact-us\/","name":"Contactez-nous - Stargoyacht","isPartOf":{"@id":"https:\/\/stargoyacht.com\/ru\/#website"},"primaryImageOfPage":{"@id":"https:\/\/stargoyacht.com\/contact-us\/#primaryimage"},"image":{"@id":"https:\/\/stargoyacht.com\/contact-us\/#primaryimage"},"thumbnailUrl":"https:\/\/stargoyacht.com\/wp-content\/uploads\/2023\/06\/anchored-big-yachts-and-sailboats-on-a-turquoise-water-e1629439897591.jpg-1024x683.webp","datePublished":"2023-06-17T16:39:52+00:00","dateModified":"2023-08-05T11:23:59+00:00","breadcrumb":{"@id":"https:\/\/stargoyacht.com\/contact-us\/#breadcrumb"},"inLanguage":"fr-FR","potentialAction":[{"@type":"ReadAction","target":["https:\/\/stargoyacht.com\/contact-us\/"]}]},{"@type":"ImageObject","inLanguage":"fr-FR","@id":"https:\/\/stargoyacht.com\/contact-us\/#primaryimage","url":"https:\/\/stargoyacht.com\/wp-content\/uploads\/2023\/06\/anchored-big-yachts-and-sailboats-on-a-turquoise-water-e1629439897591.jpg-1024x683.webp","contentUrl":"https:\/\/stargoyacht.com\/wp-content\/uploads\/2023\/06\/anchored-big-yachts-and-sailboats-on-a-turquoise-water-e1629439897591.jpg-1024x683.webp"},{"@type":"BreadcrumbList","@id":"https:\/\/stargoyacht.com\/contact-us\/#breadcrumb","itemListElement":[{"@type":"ListItem","position":1,"name":"Home","item":"https:\/\/stargoyacht.com\/"},{"@type":"ListItem","position":2,"name":"Contactez-nous"}]},{"@type":"WebSite","@id":"https:\/\/stargoyacht.com\/ru\/#website","url":"https:\/\/stargoyacht.com\/ru\/","name":"Stargoyacht","description":"","potentialAction":[{"@type":"SearchAction","target":{"@type":"EntryPoint","urlTemplate":"https:\/\/stargoyacht.com\/ru\/?s={search_term_string}"},"query-input":{"@type":"PropertyValueSpecification","valueRequired":true,"valueName":"search_term_string"}}],"inLanguage":"fr-FR"}]}},"_links":{"self":[{"href":"https:\/\/stargoyacht.com\/fr\/wp-json\/wp\/v2\/pages\/3412","targetHints":{"allow":["GET"]}}],"collection":[{"href":"https:\/\/stargoyacht.com\/fr\/wp-json\/wp\/v2\/pages"}],"about":[{"href":"https:\/\/stargoyacht.com\/fr\/wp-json\/wp\/v2\/types\/page"}],"author":[{"embeddable":true,"href":"https:\/\/stargoyacht.com\/fr\/wp-json\/wp\/v2\/users\/1"}],"replies":[{"embeddable":true,"href":"https:\/\/stargoyacht.com\/fr\/wp-json\/wp\/v2\/comments?post=3412"}],"version-history":[{"count":0,"href":"https:\/\/stargoyacht.com\/fr\/wp-json\/wp\/v2\/pages\/3412\/revisions"}],"wp:attachment":[{"href":"https:\/\/stargoyacht.com\/fr\/wp-json\/wp\/v2\/media?parent=3412"}],"curies":[{"name":"wp","href":"https:\/\/api.w.org\/{rel}","templated":true}]}}